{"id":2,"date":"2021-05-05T18:24:39","date_gmt":"2021-05-05T16:24:39","guid":{"rendered":"http:\/\/wp.peps23.com\/?page_id=2"},"modified":"2023-12-11T12:45:20","modified_gmt":"2023-12-11T11:45:20","slug":"page-d-exemple","status":"publish","type":"page","link":"https:\/\/wp.peps23.com\/","title":{"rendered":""},"content":{"rendered":"\n<div class=\"wp-block-group\"><div class=\"wp-block-group__inner-container is-layout-constrained wp-block-group-is-layout-constrained\">\n<h2 class=\"wp-block-heading alignwide has-text-align-center has-secondary-color has-text-color has-link-color wp-elements-270bede39b880494ea5c9228d666b777\">Pour Cr\u00e9er et d\u00e9velopper votre entreprise<\/h2>\n\n\n\n<figure class=\"wp-block-image size-large\"><img loading=\"lazy\" decoding=\"async\" width=\"1024\" height=\"171\" src=\"https:\/\/wp.peps23.com\/wp-content\/uploads\/2023\/12\/voeux2023-1024x171.jpg\" alt=\"\" class=\"wp-image-50\" srcset=\"https:\/\/wp.peps23.com\/wp-content\/uploads\/2023\/12\/voeux2023-1024x171.jpg 1024w, https:\/\/wp.peps23.com\/wp-content\/uploads\/2023\/12\/voeux2023-300x50.jpg 300w, https:\/\/wp.peps23.com\/wp-content\/uploads\/2023\/12\/voeux2023-768x128.jpg 768w, https:\/\/wp.peps23.com\/wp-content\/uploads\/2023\/12\/voeux2023-1536x256.jpg 1536w, https:\/\/wp.peps23.com\/wp-content\/uploads\/2023\/12\/voeux2023-1200x200.jpg 1200w, https:\/\/wp.peps23.com\/wp-content\/uploads\/2023\/12\/voeux2023.jpg 1920w\" sizes=\"auto, (max-width: 1024px) 100vw, 1024px\" \/><\/figure>\n\n\n\n<h1 class=\"wp-block-heading has-text-align-center has-accent-color has-text-color has-link-color wp-elements-09925540a363ca105ef8d8d67836f16e\"><strong>C&rsquo;est La PEP&rsquo;S !<\/strong><\/h1>\n<\/div><\/div>\n\n\n\n<p>Ceci est une page d\u2019exemple. C\u2019est diff\u00e9rent d\u2019un article de blog parce qu\u2019elle restera au m\u00eame endroit et appara\u00eetra dans la navigation de votre site (dans la plupart des th\u00e8mes). La plupart des gens commencent par une page \u00ab&nbsp;\u00c0 propos&nbsp;\u00bb qui les pr\u00e9sente aux visiteurs du site. Cela pourrait ressembler \u00e0 quelque chose comme cela&nbsp;:<\/p>\n\n\n\n<div class=\"wp-block-group\"><div class=\"wp-block-group__inner-container is-layout-flow wp-block-group-is-layout-flow\">\n<p>Bonjour&nbsp;! <\/p>\n<\/div><\/div>\n\n\n\n<figure class=\"wp-block-gallery has-nested-images columns-default is-cropped wp-block-gallery-1 is-layout-flex wp-block-gallery-is-layout-flex\">\n<figure class=\"wp-block-image size-large\"><img loading=\"lazy\" decoding=\"async\" width=\"2560\" height=\"1440\" data-id=\"57\" src=\"https:\/\/wp.peps23.com\/wp-content\/uploads\/2023\/12\/DSC0016-edited-scaled.jpg\" alt=\"\" class=\"wp-image-57\" srcset=\"https:\/\/wp.peps23.com\/wp-content\/uploads\/2023\/12\/DSC0016-edited-scaled.jpg 2560w, https:\/\/wp.peps23.com\/wp-content\/uploads\/2023\/12\/DSC0016-edited-300x169.jpg 300w, https:\/\/wp.peps23.com\/wp-content\/uploads\/2023\/12\/DSC0016-edited-1024x576.jpg 1024w, https:\/\/wp.peps23.com\/wp-content\/uploads\/2023\/12\/DSC0016-edited-768x432.jpg 768w, https:\/\/wp.peps23.com\/wp-content\/uploads\/2023\/12\/DSC0016-edited-1536x864.jpg 1536w, https:\/\/wp.peps23.com\/wp-content\/uploads\/2023\/12\/DSC0016-edited-2048x1152.jpg 2048w\" sizes=\"auto, (max-width: 2560px) 100vw, 2560px\" \/><\/figure>\n<\/figure>\n\n\n\n<p>&#8230;ou quelque chose comme cela&nbsp;:<\/p>\n\n\n\n<blockquote class=\"wp-block-quote is-layout-flow wp-block-quote-is-layout-flow\">\n<p><\/p>\n<\/blockquote>\n\n\n\n<p>En tant que nouvel utilisateur ou utilisatrice de WordPress, vous devriez vous rendre sur <a href=\"http:\/\/wp.peps23.com\/wp-admin\/\">votre tableau de bord<\/a> pour supprimer cette page et cr\u00e9er de nouvelles pages pour votre contenu. Amusez-vous bien&nbsp;!<\/p>\n\n\n\n<hr class=\"wp-block-separator has-alpha-channel-opacity\"\/>\n\n\n\n<h2 class=\"wp-block-heading has-text-align-center has-secondary-color has-text-color has-link-color wp-elements-ba0e0a9df09d6095215f9cd5d594bfe1\">Nos Partenaires<\/h2>\n\n\n\n<div class=\"wp-block-group is-nowrap is-layout-flex wp-container-core-group-is-layout-ad2f72ca wp-block-group-is-layout-flex\">\n<figure class=\"wp-block-image size-full\"><img loading=\"lazy\" decoding=\"async\" width=\"104\" height=\"60\" src=\"https:\/\/wp.peps23.com\/wp-content\/uploads\/2023\/12\/logo_peps.png\" alt=\"\" class=\"wp-image-68\"\/><\/figure>\n\n\n\n<figure class=\"wp-block-image size-full is-resized\"><img loading=\"lazy\" decoding=\"async\" width=\"146\" height=\"125\" src=\"https:\/\/wp.peps23.com\/wp-content\/uploads\/2023\/12\/Logo-Petit-1.gif\" alt=\"\" class=\"wp-image-70\" style=\"width:99px;height:auto\"\/><\/figure>\n\n\n\n<figure class=\"wp-block-image size-large is-resized\"><img loading=\"lazy\" decoding=\"async\" width=\"1024\" height=\"640\" src=\"https:\/\/wp.peps23.com\/wp-content\/uploads\/2023\/12\/100nature-1024x640.jpg\" alt=\"\" class=\"wp-image-71\" style=\"width:192px;height:auto\" srcset=\"https:\/\/wp.peps23.com\/wp-content\/uploads\/2023\/12\/100nature-1024x640.jpg 1024w, https:\/\/wp.peps23.com\/wp-content\/uploads\/2023\/12\/100nature-300x188.jpg 300w, https:\/\/wp.peps23.com\/wp-content\/uploads\/2023\/12\/100nature-768x480.jpg 768w, https:\/\/wp.peps23.com\/wp-content\/uploads\/2023\/12\/100nature-1536x960.jpg 1536w, https:\/\/wp.peps23.com\/wp-content\/uploads\/2023\/12\/100nature-1200x750.jpg 1200w, https:\/\/wp.peps23.com\/wp-content\/uploads\/2023\/12\/100nature.jpg 1920w\" sizes=\"auto, (max-width: 1024px) 100vw, 1024px\" \/><\/figure>\n<\/div>\n","protected":false},"excerpt":{"rendered":"<p>Pour Cr\u00e9er et d\u00e9velopper votre entreprise C&rsquo;est La PEP&rsquo;S ! Ceci est une page d\u2019exemple. C\u2019est diff\u00e9rent d\u2019un article de blog parce qu\u2019elle restera au m\u00eame endroit et appara\u00eetra dans la navigation de votre site (dans la plupart des th\u00e8mes). La plupart des gens commencent par une page \u00ab&nbsp;\u00c0 propos&nbsp;\u00bb qui les pr\u00e9sente aux visiteurs [&hellip;]<\/p>\n","protected":false},"author":1,"featured_media":0,"parent":0,"menu_order":0,"comment_status":"closed","ping_status":"open","template":"","meta":{"footnotes":""},"class_list":["post-2","page","type-page","status-publish","hentry"],"_links":{"self":[{"href":"https:\/\/wp.peps23.com\/index.php\/wp-json\/wp\/v2\/pages\/2","targetHints":{"allow":["GET"]}}],"collection":[{"href":"https:\/\/wp.peps23.com\/index.php\/wp-json\/wp\/v2\/pages"}],"about":[{"href":"https:\/\/wp.peps23.com\/index.php\/wp-json\/wp\/v2\/types\/page"}],"author":[{"embeddable":true,"href":"https:\/\/wp.peps23.com\/index.php\/wp-json\/wp\/v2\/users\/1"}],"replies":[{"embeddable":true,"href":"https:\/\/wp.peps23.com\/index.php\/wp-json\/wp\/v2\/comments?post=2"}],"version-history":[{"count":7,"href":"https:\/\/wp.peps23.com\/index.php\/wp-json\/wp\/v2\/pages\/2\/revisions"}],"predecessor-version":[{"id":79,"href":"https:\/\/wp.peps23.com\/index.php\/wp-json\/wp\/v2\/pages\/2\/revisions\/79"}],"wp:attachment":[{"href":"https:\/\/wp.peps23.com\/index.php\/wp-json\/wp\/v2\/media?parent=2"}],"curies":[{"name":"wp","href":"https:\/\/api.w.org\/{rel}","templated":true}]}}